{"id":445,"date":"2021-08-07T06:48:00","date_gmt":"2021-08-07T06:48:00","guid":{"rendered":"https:\/\/marbellachaptercom.wordpress.com\/?page_id=2"},"modified":"2021-08-07T06:48:00","modified_gmt":"2021-08-07T06:48:00","slug":"acerca-de","status":"publish","type":"page","link":"https:\/\/marbellachapter.harley-davidsonsiebla.com\/?page_id=445","title":{"rendered":"Acerca de"},"content":{"rendered":"<p>Este es un ejemplo de una p\u00e1gina Acerca de. A diferencia de las entradas, las p\u00e1ginas se ajustan mejor a un contenido atemporal que te interesa que sea m\u00e1s accesible, como la informaci\u00f3n en las p\u00e1ginas Acerca de o Contacto. Haz clic en el enlace Editar para hacer cambios en esta p\u00e1gina o bien <a href=\"https:\/\/wordpress.com\/page\">a\u00f1ade otra p\u00e1gina<\/a>.<\/p>\n","protected":false},"excerpt":{"rendered":"<p>Este es un ejemplo de una p\u00e1gina Acerca de. A diferencia de las entradas, las p\u00e1ginas se ajustan mejor a un contenido atemporal que te interesa que sea m\u00e1s accesible, como la informaci\u00f3n en las p\u00e1ginas Acerca de o Contacto. Haz clic en el enlace Editar para hacer cambios en esta p\u00e1gina o bien a\u00f1ade otra p\u00e1gina.<\/p>\n","protected":false},"author":1,"featured_media":0,"parent":0,"menu_order":1,"comment_status":"closed","ping_status":"closed","template":"","meta":{"footnotes":""},"class_list":["post-445","page","type-page","status-publish","hentry"],"_links":{"self":[{"href":"https:\/\/marbellachapter.harley-davidsonsiebla.com\/index.php?rest_route=\/wp\/v2\/pages\/445","targetHints":{"allow":["GET"]}}],"collection":[{"href":"https:\/\/marbellachapter.harley-davidsonsiebla.com\/index.php?rest_route=\/wp\/v2\/pages"}],"about":[{"href":"https:\/\/marbellachapter.harley-davidsonsiebla.com\/index.php?rest_route=\/wp\/v2\/types\/page"}],"author":[{"embeddable":true,"href":"https:\/\/marbellachapter.harley-davidsonsiebla.com\/index.php?rest_route=\/wp\/v2\/users\/1"}],"replies":[{"embeddable":true,"href":"https:\/\/marbellachapter.harley-davidsonsiebla.com\/index.php?rest_route=%2Fwp%2Fv2%2Fcomments&post=445"}],"version-history":[{"count":0,"href":"https:\/\/marbellachapter.harley-davidsonsiebla.com\/index.php?rest_route=\/wp\/v2\/pages\/445\/revisions"}],"wp:attachment":[{"href":"https:\/\/marbellachapter.harley-davidsonsiebla.com\/index.php?rest_route=%2Fwp%2Fv2%2Fmedia&parent=445"}],"curies":[{"name":"wp","href":"https:\/\/api.w.org\/{rel}","templated":true}]}}