{"id":2474,"date":"2022-10-17T14:39:29","date_gmt":"2022-10-17T12:39:29","guid":{"rendered":"https:\/\/marbellachaptercom.wordpress.com\/?page_id=2474"},"modified":"2025-07-11T06:44:40","modified_gmt":"2025-07-11T06:44:40","slug":"enlaces-a-otros-chapters","status":"publish","type":"page","link":"https:\/\/marbellachapter.harley-davidsonsiebla.com\/?page_id=2474","title":{"rendered":"Enlaces a otros chapters"},"content":{"rendered":"\t\t<div data-elementor-type=\"wp-page\" data-elementor-id=\"2474\" class=\"elementor elementor-2474\">\n\t\t\t\t<div class=\"elementor-element elementor-element-a2f3fe1 e-flex e-con-boxed wpr-particle-no wpr-jarallax-no wpr-parallax-no wpr-sticky-section-no wpr-equal-height-no e-con e-parent\" data-id=\"a2f3fe1\" data-element_type=\"container\" data-e-type=\"container\">\n\t\t\t\t\t<div class=\"e-con-inner\">\n\t\t\t\t<div class=\"elementor-element elementor-element-f294648 elementor-widget elementor-widget-text-editor\" data-id=\"f294648\" data-element_type=\"widget\" data-e-type=\"widget\" data-widget_type=\"text-editor.default\">\n\t\t\t\t\t\t\t\t\t<div class=\"chapter-buttons\">\n  <a href=\"http:\/\/www.almeriachapter.com\/\" target=\"_blank\" rel=\"noopener noreferrer\">Almeria Chapter<\/a>\n  <a href=\"https:\/\/www.asturiaschapter.es\/\" target=\"_blank\" rel=\"noopener noreferrer\">Asturias Chapter<\/a>\n  <a href=\"http:\/\/www.barcelonachapter.es\/\" target=\"_blank\" rel=\"noopener noreferrer\">Barcelona Chapter<\/a>\n  <a href=\"http:\/\/www.bilbaochapter.com\/\" target=\"_blank\" rel=\"noopener noreferrer\">Bilbao Chapter<\/a>\n  <a href=\"https:\/\/www.facebook.com\/costavasca.chapter\" target=\"_blank\" rel=\"noopener noreferrer\">Costavasca Chapter<\/a>\n  <a href=\"http:\/\/cadizchapter.com\/\" target=\"_blank\" rel=\"noopener noreferrer\">C\u00e1diz Chapter<\/a>\n  <a href=\"http:\/\/www.cantabriachapter.com\/\" target=\"_blank\" rel=\"noopener noreferrer\">Cantabria Chapter<\/a>\n  <a href=\"http:\/\/www.castellonchapterhog.es\/\" target=\"_blank\" rel=\"noopener noreferrer\">Castell\u00f3n Chapter<\/a>\n  <a href=\"http:\/\/www.corunachapter.com\/\" target=\"_blank\" rel=\"noopener noreferrer\">Coru\u00f1a Chapter<\/a>\n  <a href=\"http:\/\/www.galiciachapter.com\/\" target=\"_blank\" rel=\"noopener noreferrer\">Galicia Chapter<\/a>\n  <a href=\"http:\/\/www.gironachapter.com\/\" target=\"_blank\" rel=\"noopener noreferrer\">Girona Chapter<\/a>\n  <a href=\"http:\/\/www.granadachapter.com\/\" target=\"_blank\" rel=\"noopener noreferrer\">Granada Chapter<\/a>\n  <a href=\"https:\/\/hog-laspalmaschapter.com\/\" target=\"_blank\" rel=\"noopener noreferrer\">Las Palmas Chapter<\/a>\n  <a href=\"https:\/\/www.facebook.com\/lleidachapter\" target=\"_blank\" rel=\"noopener noreferrer\">Lleida Chapter<\/a>\n  <a href=\"https:\/\/www.madridchapter.com\/es\/\" target=\"_blank\" rel=\"noopener noreferrer\">Madrid Chapter<\/a>\n  <a href=\"https:\/\/madridsurchapter.com\/\" target=\"_blank\" rel=\"noopener noreferrer\">Madrid Sur Chapter<\/a>\n  <a href=\"https:\/\/www.pmmallorcachapter.com\/\" target=\"_blank\" rel=\"noopener noreferrer\">Mallorca Chapter<\/a>\n  <a href=\"http:\/\/hogmenorcachapter.blogspot.com.es\/\" target=\"_blank\" rel=\"noopener noreferrer\">Menorca Chapter<\/a>\n  <a href=\"https:\/\/www.facebook.com\/steelusachaptermurcia\/\" target=\"_blank\" rel=\"noopener noreferrer\">Murcia Steel-USA Chapter<\/a>\n  <a href=\"https:\/\/hogreynodenavarrachapter.wordpress.com\/\" target=\"_blank\" rel=\"noopener noreferrer\">Reyno de Navarra Chapter<\/a>\n  <a href=\"http:\/\/www.valenciachapter.com\/\" target=\"_blank\" rel=\"noopener noreferrer\">Valencia Chapter<\/a>\n  <a href=\"https:\/\/www.facebook.com\/people\/Valladolid-Chapter\/100064466988420\/\" target=\"_blank\" rel=\"noopener noreferrer\">Valladolid Chapter<\/a>\n  <a href=\"https:\/\/www.facebook.com\/tenerifechapter\" target=\"_blank\" rel=\"noopener noreferrer\">Tenerife Chapter<\/a>\n  <a href=\"https:\/\/www.facebook.com\/groups\/323264451337\" target=\"_blank\" rel=\"noopener noreferrer\">Tarraco Chapter<\/a>\n<\/div>\t\t\t\t\t\t\t\t<\/div>\n\t\t\t\t\t<\/div>\n\t\t\t\t<\/div>\n\t\t\t\t<\/div>\n\t\t","protected":false},"excerpt":{"rendered":"<p>Almeria Chapter Asturias Chapter Barcelona Chapter Bilbao Chapter Costavasca Chapter C\u00e1diz Chapter Cantabria Chapter Castell\u00f3n Chapter Coru\u00f1a Chapter Galicia Chapter Girona Chapter Granada Chapter Las Palmas Chapter Lleida Chapter Madrid Chapter Madrid Sur Chapter Mallorca Chapter Menorca Chapter Murcia Steel-USA Chapter Reyno de Navarra Chapter Valencia Chapter Valladolid Chapter Tenerife Chapter Tarraco Chapter<\/p>\n","protected":false},"author":1,"featured_media":0,"parent":0,"menu_order":0,"comment_status":"closed","ping_status":"closed","template":"","meta":{"footnotes":""},"class_list":["post-2474","page","type-page","status-publish","hentry"],"_links":{"self":[{"href":"https:\/\/marbellachapter.harley-davidsonsiebla.com\/index.php?rest_route=\/wp\/v2\/pages\/2474","targetHints":{"allow":["GET"]}}],"collection":[{"href":"https:\/\/marbellachapter.harley-davidsonsiebla.com\/index.php?rest_route=\/wp\/v2\/pages"}],"about":[{"href":"https:\/\/marbellachapter.harley-davidsonsiebla.com\/index.php?rest_route=\/wp\/v2\/types\/page"}],"author":[{"embeddable":true,"href":"https:\/\/marbellachapter.harley-davidsonsiebla.com\/index.php?rest_route=\/wp\/v2\/users\/1"}],"replies":[{"embeddable":true,"href":"https:\/\/marbellachapter.harley-davidsonsiebla.com\/index.php?rest_route=%2Fwp%2Fv2%2Fcomments&post=2474"}],"version-history":[{"count":6,"href":"https:\/\/marbellachapter.harley-davidsonsiebla.com\/index.php?rest_route=\/wp\/v2\/pages\/2474\/revisions"}],"predecessor-version":[{"id":8854,"href":"https:\/\/marbellachapter.harley-davidsonsiebla.com\/index.php?rest_route=\/wp\/v2\/pages\/2474\/revisions\/8854"}],"wp:attachment":[{"href":"https:\/\/marbellachapter.harley-davidsonsiebla.com\/index.php?rest_route=%2Fwp%2Fv2%2Fmedia&parent=2474"}],"curies":[{"name":"wp","href":"https:\/\/api.w.org\/{rel}","templated":true}]}}