{"id":134,"date":"2021-10-12T19:41:26","date_gmt":"2021-10-12T17:41:26","guid":{"rendered":"https:\/\/marbellachaptercom.wordpress.com\/?page_id=134"},"modified":"2021-10-12T19:41:26","modified_gmt":"2021-10-12T17:41:26","slug":"ruta-12-septiembre","status":"publish","type":"page","link":"https:\/\/marbellachapter.harley-davidsonsiebla.com\/?page_id=134","title":{"rendered":"Ruta 12 septiembre"},"content":{"rendered":"\n<figure class=\"wp-block-image size-large\"><img fetchpriority=\"high\" decoding=\"async\" width=\"1080\" height=\"1080\" src=\"https:\/\/marbella-chapter.com\/wp-content\/uploads\/2021\/10\/e6a47049-7554-4c82-826d-8b724b9fc50f.jpeg?w=1024\" alt=\"\" class=\"wp-image-154\" srcset=\"https:\/\/marbellachapter.harley-davidsonsiebla.com\/wp-content\/uploads\/2021\/10\/e6a47049-7554-4c82-826d-8b724b9fc50f.jpeg 1080w, https:\/\/marbellachapter.harley-davidsonsiebla.com\/wp-content\/uploads\/2021\/10\/e6a47049-7554-4c82-826d-8b724b9fc50f-300x300.jpeg 300w, https:\/\/marbellachapter.harley-davidsonsiebla.com\/wp-content\/uploads\/2021\/10\/e6a47049-7554-4c82-826d-8b724b9fc50f-1024x1024.jpeg 1024w, https:\/\/marbellachapter.harley-davidsonsiebla.com\/wp-content\/uploads\/2021\/10\/e6a47049-7554-4c82-826d-8b724b9fc50f-150x150.jpeg 150w, https:\/\/marbellachapter.harley-davidsonsiebla.com\/wp-content\/uploads\/2021\/10\/e6a47049-7554-4c82-826d-8b724b9fc50f-768x768.jpeg 768w\" sizes=\"(max-width: 1080px) 100vw, 1080px\" \/><\/figure>\n\n\n<h2 class=\"wp-block-post-title\">Ruta 12 septiembre<\/h2>\n\n\n<p>p\u00e1gina web en construcci\u00f3n.<br \/>se a\u00f1aden im\u00e1genes de la ruta.<\/p>\n","protected":false},"excerpt":{"rendered":"<p>p\u00e1gina web en construcci\u00f3n.se a\u00f1aden im\u00e1genes de la ruta.<\/p>\n","protected":false},"author":1,"featured_media":0,"parent":0,"menu_order":0,"comment_status":"closed","ping_status":"closed","template":"","meta":{"footnotes":""},"class_list":["post-134","page","type-page","status-publish","hentry"],"_links":{"self":[{"href":"https:\/\/marbellachapter.harley-davidsonsiebla.com\/index.php?rest_route=\/wp\/v2\/pages\/134","targetHints":{"allow":["GET"]}}],"collection":[{"href":"https:\/\/marbellachapter.harley-davidsonsiebla.com\/index.php?rest_route=\/wp\/v2\/pages"}],"about":[{"href":"https:\/\/marbellachapter.harley-davidsonsiebla.com\/index.php?rest_route=\/wp\/v2\/types\/page"}],"author":[{"embeddable":true,"href":"https:\/\/marbellachapter.harley-davidsonsiebla.com\/index.php?rest_route=\/wp\/v2\/users\/1"}],"replies":[{"embeddable":true,"href":"https:\/\/marbellachapter.harley-davidsonsiebla.com\/index.php?rest_route=%2Fwp%2Fv2%2Fcomments&post=134"}],"version-history":[{"count":0,"href":"https:\/\/marbellachapter.harley-davidsonsiebla.com\/index.php?rest_route=\/wp\/v2\/pages\/134\/revisions"}],"wp:attachment":[{"href":"https:\/\/marbellachapter.harley-davidsonsiebla.com\/index.php?rest_route=%2Fwp%2Fv2%2Fmedia&parent=134"}],"curies":[{"name":"wp","href":"https:\/\/api.w.org\/{rel}","templated":true}]}}