{"id":132,"date":"2021-10-12T19:41:25","date_gmt":"2021-10-12T17:41:25","guid":{"rendered":"https:\/\/marbellachaptercom.wordpress.com\/?page_id=132"},"modified":"2021-10-12T19:41:25","modified_gmt":"2021-10-12T17:41:25","slug":"ruta-14-augusto","status":"publish","type":"page","link":"https:\/\/marbellachapter.harley-davidsonsiebla.com\/?page_id=132","title":{"rendered":"Ruta 14 augusto"},"content":{"rendered":"\n<figure class=\"wp-block-image size-large\"><img fetchpriority=\"high\" decoding=\"async\" width=\"1080\" height=\"1080\" src=\"https:\/\/marbella-chapter.com\/wp-content\/uploads\/2021\/10\/8cffba28-5de9-48a4-88b9-c6c2ec4933b6.jpeg?w=1024\" alt=\"\" class=\"wp-image-168\" srcset=\"https:\/\/marbellachapter.harley-davidsonsiebla.com\/wp-content\/uploads\/2021\/10\/8cffba28-5de9-48a4-88b9-c6c2ec4933b6.jpeg 1080w, https:\/\/marbellachapter.harley-davidsonsiebla.com\/wp-content\/uploads\/2021\/10\/8cffba28-5de9-48a4-88b9-c6c2ec4933b6-300x300.jpeg 300w, https:\/\/marbellachapter.harley-davidsonsiebla.com\/wp-content\/uploads\/2021\/10\/8cffba28-5de9-48a4-88b9-c6c2ec4933b6-1024x1024.jpeg 1024w, https:\/\/marbellachapter.harley-davidsonsiebla.com\/wp-content\/uploads\/2021\/10\/8cffba28-5de9-48a4-88b9-c6c2ec4933b6-150x150.jpeg 150w, https:\/\/marbellachapter.harley-davidsonsiebla.com\/wp-content\/uploads\/2021\/10\/8cffba28-5de9-48a4-88b9-c6c2ec4933b6-768x768.jpeg 768w\" sizes=\"(max-width: 1080px) 100vw, 1080px\" \/><\/figure>\n\n\n<h2 class=\"wp-block-post-title\">Ruta 14 augusto<\/h2>\n\n\n<p>p\u00e1gina web en construcci\u00f3n.<br \/>se a\u00f1aden im\u00e1genes de la ruta.<\/p>\n","protected":false},"excerpt":{"rendered":"<p>p\u00e1gina web en construcci\u00f3n.se a\u00f1aden im\u00e1genes de la ruta.<\/p>\n","protected":false},"author":1,"featured_media":0,"parent":0,"menu_order":0,"comment_status":"closed","ping_status":"closed","template":"","meta":{"footnotes":""},"class_list":["post-132","page","type-page","status-publish","hentry"],"_links":{"self":[{"href":"https:\/\/marbellachapter.harley-davidsonsiebla.com\/index.php?rest_route=\/wp\/v2\/pages\/132","targetHints":{"allow":["GET"]}}],"collection":[{"href":"https:\/\/marbellachapter.harley-davidsonsiebla.com\/index.php?rest_route=\/wp\/v2\/pages"}],"about":[{"href":"https:\/\/marbellachapter.harley-davidsonsiebla.com\/index.php?rest_route=\/wp\/v2\/types\/page"}],"author":[{"embeddable":true,"href":"https:\/\/marbellachapter.harley-davidsonsiebla.com\/index.php?rest_route=\/wp\/v2\/users\/1"}],"replies":[{"embeddable":true,"href":"https:\/\/marbellachapter.harley-davidsonsiebla.com\/index.php?rest_route=%2Fwp%2Fv2%2Fcomments&post=132"}],"version-history":[{"count":0,"href":"https:\/\/marbellachapter.harley-davidsonsiebla.com\/index.php?rest_route=\/wp\/v2\/pages\/132\/revisions"}],"wp:attachment":[{"href":"https:\/\/marbellachapter.harley-davidsonsiebla.com\/index.php?rest_route=%2Fwp%2Fv2%2Fmedia&parent=132"}],"curies":[{"name":"wp","href":"https:\/\/api.w.org\/{rel}","templated":true}]}}