{"id":129,"date":"2021-10-12T19:41:24","date_gmt":"2021-10-12T17:41:24","guid":{"rendered":"https:\/\/marbellachaptercom.wordpress.com\/?page_id=129"},"modified":"2021-10-12T19:41:24","modified_gmt":"2021-10-12T17:41:24","slug":"ruta-10-julio","status":"publish","type":"page","link":"https:\/\/marbellachapter.harley-davidsonsiebla.com\/?page_id=129","title":{"rendered":"Ruta 10 julio"},"content":{"rendered":"\n<figure class=\"wp-block-image size-large\"><img fetchpriority=\"high\" decoding=\"async\" width=\"843\" height=\"843\" src=\"https:\/\/marbella-chapter.com\/wp-content\/uploads\/2021\/10\/905654ca-a000-49c2-983e-c27f8412b760.jpeg?w=843\" alt=\"\" class=\"wp-image-158\" srcset=\"https:\/\/marbellachapter.harley-davidsonsiebla.com\/wp-content\/uploads\/2021\/10\/905654ca-a000-49c2-983e-c27f8412b760.jpeg 843w, https:\/\/marbellachapter.harley-davidsonsiebla.com\/wp-content\/uploads\/2021\/10\/905654ca-a000-49c2-983e-c27f8412b760-300x300.jpeg 300w, https:\/\/marbellachapter.harley-davidsonsiebla.com\/wp-content\/uploads\/2021\/10\/905654ca-a000-49c2-983e-c27f8412b760-150x150.jpeg 150w, https:\/\/marbellachapter.harley-davidsonsiebla.com\/wp-content\/uploads\/2021\/10\/905654ca-a000-49c2-983e-c27f8412b760-768x768.jpeg 768w\" sizes=\"(max-width: 843px) 100vw, 843px\" \/><\/figure>\n\n\n<h2 class=\"wp-block-post-title\">Ruta 10 julio<\/h2>\n\n\n<p>p\u00e1gina web en construcci\u00f3n.<br \/>se a\u00f1aden im\u00e1genes de la ruta.<\/p>\n","protected":false},"excerpt":{"rendered":"<p>p\u00e1gina web en construcci\u00f3n.se a\u00f1aden im\u00e1genes de la ruta.<\/p>\n","protected":false},"author":1,"featured_media":0,"parent":0,"menu_order":0,"comment_status":"closed","ping_status":"closed","template":"","meta":{"footnotes":""},"class_list":["post-129","page","type-page","status-publish","hentry"],"_links":{"self":[{"href":"https:\/\/marbellachapter.harley-davidsonsiebla.com\/index.php?rest_route=\/wp\/v2\/pages\/129","targetHints":{"allow":["GET"]}}],"collection":[{"href":"https:\/\/marbellachapter.harley-davidsonsiebla.com\/index.php?rest_route=\/wp\/v2\/pages"}],"about":[{"href":"https:\/\/marbellachapter.harley-davidsonsiebla.com\/index.php?rest_route=\/wp\/v2\/types\/page"}],"author":[{"embeddable":true,"href":"https:\/\/marbellachapter.harley-davidsonsiebla.com\/index.php?rest_route=\/wp\/v2\/users\/1"}],"replies":[{"embeddable":true,"href":"https:\/\/marbellachapter.harley-davidsonsiebla.com\/index.php?rest_route=%2Fwp%2Fv2%2Fcomments&post=129"}],"version-history":[{"count":0,"href":"https:\/\/marbellachapter.harley-davidsonsiebla.com\/index.php?rest_route=\/wp\/v2\/pages\/129\/revisions"}],"wp:attachment":[{"href":"https:\/\/marbellachapter.harley-davidsonsiebla.com\/index.php?rest_route=%2Fwp%2Fv2%2Fmedia&parent=129"}],"curies":[{"name":"wp","href":"https:\/\/api.w.org\/{rel}","templated":true}]}}